{"id":802,"date":"2015-03-23T13:55:35","date_gmt":"2015-03-23T13:55:35","guid":{"rendered":"http:\/\/www.catchline.fi\/proav\/tuote\/nec-98-uhd-4k-supernaytto-2\/"},"modified":"2017-07-14T14:01:48","modified_gmt":"2017-07-14T14:01:48","slug":"nec-98-uhd-4k-supernaytto-2","status":"publish","type":"product","link":"https:\/\/www.proav.fi\/eng\/product\/nec-98-uhd-4k-supernaytto-2\/","title":{"rendered":"NEC 98&#8243; UHD , 4K supern\u00e4ytt\u00f6, 3840 x 2160,60Hz, koko 2204 x 1259 mm, paino 105kg ja  Motorisoitu lattiateline 4K n\u00e4yt\u00f6lle 98&#8243; py\u00f6rill\u00e4 esim messuosastoille, s\u00e4\u00e4dett\u00e4v\u00e4 katselukorkeus"},"content":{"rendered":"<p>Hinnat alv 0%<\/p>\n","protected":false},"excerpt":{"rendered":"<p>Hinnat alv 0%<\/p>\n","protected":false},"featured_media":578,"comment_status":"closed","ping_status":"closed","template":"","meta":{"_et_pb_use_builder":"","_et_pb_old_content":"","_et_gb_content_width":""},"product_cat":[46,50],"product_tag":[],"class_list":{"0":"post-802","1":"product","2":"type-product","3":"status-publish","4":"has-post-thumbnail","6":"product_cat-screen-packages","7":"product_cat-screens","9":"first","10":"instock","11":"shipping-taxable","12":"purchasable","13":"product-type-bundle"},"bundle_layout":"default","bundled_by":[],"bundled_items":[{"bundled_item_id":36,"product_id":577,"menu_order":0,"quantity_min":1,"quantity_max":1,"priced_individually":false,"shipped_individually":false,"override_title":false,"title":"","override_description":false,"description":"","optional":false,"hide_thumbnail":false,"discount":"","override_variations":false,"allowed_variations":[],"override_default_variation_attributes":false,"default_variation_attributes":[],"single_product_visibility":"visible","cart_visibility":"visible","order_visibility":"visible","single_product_price_visibility":"visible","cart_price_visibility":"visible","order_price_visibility":"visible","stock_status":"in_stock"},{"bundled_item_id":37,"product_id":585,"menu_order":1,"quantity_min":1,"quantity_max":1,"priced_individually":false,"shipped_individually":false,"override_title":false,"title":"","override_description":false,"description":"","optional":false,"hide_thumbnail":false,"discount":"","override_variations":false,"allowed_variations":[],"override_default_variation_attributes":false,"default_variation_attributes":[],"single_product_visibility":"visible","cart_visibility":"visible","order_visibility":"visible","single_product_price_visibility":"visible","cart_price_visibility":"visible","order_price_visibility":"visible","stock_status":"in_stock"}],"_links":{"self":[{"href":"https:\/\/www.proav.fi\/eng\/wp-json\/wp\/v2\/product\/802","targetHints":{"allow":["GET"]}}],"collection":[{"href":"https:\/\/www.proav.fi\/eng\/wp-json\/wp\/v2\/product"}],"about":[{"href":"https:\/\/www.proav.fi\/eng\/wp-json\/wp\/v2\/types\/product"}],"replies":[{"embeddable":true,"href":"https:\/\/www.proav.fi\/eng\/wp-json\/wp\/v2\/comments?post=802"}],"wp:featuredmedia":[{"embeddable":true,"href":"https:\/\/www.proav.fi\/eng\/wp-json\/wp\/v2\/media\/578"}],"wp:attachment":[{"href":"https:\/\/www.proav.fi\/eng\/wp-json\/wp\/v2\/media?parent=802"}],"wp:term":[{"taxonomy":"product_cat","embeddable":true,"href":"https:\/\/www.proav.fi\/eng\/wp-json\/wp\/v2\/product_cat?post=802"},{"taxonomy":"product_tag","embeddable":true,"href":"https:\/\/www.proav.fi\/eng\/wp-json\/wp\/v2\/product_tag?post=802"}],"curies":[{"name":"wp","href":"https:\/\/api.w.org\/{rel}","templated":true}]}}