{"id":749,"date":"2017-03-07T14:45:54","date_gmt":"2017-03-07T14:45:54","guid":{"rendered":"http:\/\/www.catchline.fi\/proav\/tuote\/pebble-audio-langaton-aanensiirto\/"},"modified":"2017-07-13T12:37:56","modified_gmt":"2017-07-13T12:37:56","slug":"pebble-audio-langaton-aanensiirto","status":"publish","type":"product","link":"https:\/\/www.proav.fi\/eng\/product\/pebble-audio-langaton-aanensiirto\/","title":{"rendered":"Pebble Audio, langaton \u00e4\u00e4nensiirto"},"content":{"rendered":"<p>RCA\/USP liit\u00e4nn\u00f6ill\u00e4,hinnat alv 0%<\/p>\n","protected":false},"excerpt":{"rendered":"<p>RCA\/USP liit\u00e4nn\u00f6ill\u00e4,hinnat alv 0%<\/p>\n","protected":false},"featured_media":870,"comment_status":"open","ping_status":"closed","template":"","meta":{"_et_pb_use_builder":"","_et_pb_old_content":"","_et_gb_content_width":""},"product_cat":[57],"product_tag":[],"class_list":{"0":"post-749","1":"product","2":"type-product","3":"status-publish","4":"has-post-thumbnail","6":"product_cat-sound","8":"first","9":"instock","10":"shipping-taxable","11":"purchasable","12":"product-type-simple"},"bundle_layout":"","bundled_by":[],"bundled_items":[],"_links":{"self":[{"href":"https:\/\/www.proav.fi\/eng\/wp-json\/wp\/v2\/product\/749","targetHints":{"allow":["GET"]}}],"collection":[{"href":"https:\/\/www.proav.fi\/eng\/wp-json\/wp\/v2\/product"}],"about":[{"href":"https:\/\/www.proav.fi\/eng\/wp-json\/wp\/v2\/types\/product"}],"replies":[{"embeddable":true,"href":"https:\/\/www.proav.fi\/eng\/wp-json\/wp\/v2\/comments?post=749"}],"wp:featuredmedia":[{"embeddable":true,"href":"https:\/\/www.proav.fi\/eng\/wp-json\/wp\/v2\/media\/870"}],"wp:attachment":[{"href":"https:\/\/www.proav.fi\/eng\/wp-json\/wp\/v2\/media?parent=749"}],"wp:term":[{"taxonomy":"product_cat","embeddable":true,"href":"https:\/\/www.proav.fi\/eng\/wp-json\/wp\/v2\/product_cat?post=749"},{"taxonomy":"product_tag","embeddable":true,"href":"https:\/\/www.proav.fi\/eng\/wp-json\/wp\/v2\/product_tag?post=749"}],"curies":[{"name":"wp","href":"https:\/\/api.w.org\/{rel}","templated":true}]}}