{"id":714,"date":"2016-03-20T14:15:05","date_gmt":"2016-03-20T14:15:05","guid":{"rendered":"http:\/\/www.catchline.fi\/proav\/tuote\/kramer-hdmi-4-in-4-out-matriisi-switcher\/"},"modified":"2017-07-13T12:37:56","modified_gmt":"2017-07-13T12:37:56","slug":"kramer-hdmi-4-in-4-out-matriisi-switcher","status":"publish","type":"product","link":"https:\/\/www.proav.fi\/eng\/product\/kramer-hdmi-4-in-4-out-matriisi-switcher\/","title":{"rendered":"Kramer HDMI 4 in 4 out Matriisi switcher"},"content":{"rendered":"<p class=\"Normal\">VS-44HN Switseri 4 sis\u00e4\u00e4n 4 ulos, valinta n\u00e4pp\u00e4imill\u00e4<\/p>\n","protected":false},"excerpt":{"rendered":"<p>VS-44HN Switseri 4 sis\u00e4\u00e4n 4 ulos, valinta n\u00e4pp\u00e4imill\u00e4<\/p>\n","protected":false},"featured_media":715,"comment_status":"open","ping_status":"closed","template":"","meta":{"_et_pb_use_builder":"","_et_pb_old_content":"","_et_gb_content_width":""},"product_cat":[12],"product_tag":[],"class_list":{"0":"post-714","1":"product","2":"type-product","3":"status-publish","4":"has-post-thumbnail","6":"product_cat-playerit","8":"first","9":"instock","10":"shipping-taxable","11":"purchasable","12":"product-type-simple"},"bundle_layout":"","bundled_by":[],"bundled_items":[],"_links":{"self":[{"href":"https:\/\/www.proav.fi\/eng\/wp-json\/wp\/v2\/product\/714","targetHints":{"allow":["GET"]}}],"collection":[{"href":"https:\/\/www.proav.fi\/eng\/wp-json\/wp\/v2\/product"}],"about":[{"href":"https:\/\/www.proav.fi\/eng\/wp-json\/wp\/v2\/types\/product"}],"replies":[{"embeddable":true,"href":"https:\/\/www.proav.fi\/eng\/wp-json\/wp\/v2\/comments?post=714"}],"wp:featuredmedia":[{"embeddable":true,"href":"https:\/\/www.proav.fi\/eng\/wp-json\/wp\/v2\/media\/715"}],"wp:attachment":[{"href":"https:\/\/www.proav.fi\/eng\/wp-json\/wp\/v2\/media?parent=714"}],"wp:term":[{"taxonomy":"product_cat","embeddable":true,"href":"https:\/\/www.proav.fi\/eng\/wp-json\/wp\/v2\/product_cat?post=714"},{"taxonomy":"product_tag","embeddable":true,"href":"https:\/\/www.proav.fi\/eng\/wp-json\/wp\/v2\/product_tag?post=714"}],"curies":[{"name":"wp","href":"https:\/\/api.w.org\/{rel}","templated":true}]}}