{"id":712,"date":"2017-03-21T10:09:55","date_gmt":"2017-03-21T10:09:55","guid":{"rendered":"http:\/\/www.catchline.fi\/proav\/tuote\/bright-side-nappainkortit\/"},"modified":"2017-07-13T12:37:54","modified_gmt":"2017-07-13T12:37:54","slug":"bright-side-nappainkortit","status":"publish","type":"product","link":"https:\/\/www.proav.fi\/eng\/product\/bright-side-nappainkortit\/","title":{"rendered":"Bright Side n\u00e4pp\u00e4inkortit"},"content":{"rendered":"<p class=\"Normal\">N\u00e4pp\u00e4inkortit , liiketunnistukseen,n\u00e4pp\u00e4inohjauksiin etc, kysy lis\u00e4\u00e4<\/p>\n","protected":false},"excerpt":{"rendered":"<p>N\u00e4pp\u00e4inkortit , liiketunnistukseen,n\u00e4pp\u00e4inohjauksiin etc, kysy lis\u00e4\u00e4<\/p>\n","protected":false},"featured_media":855,"comment_status":"open","ping_status":"closed","template":"","meta":{"_et_pb_use_builder":"","_et_pb_old_content":"","_et_gb_content_width":""},"product_cat":[12],"product_tag":[],"class_list":{"0":"post-712","1":"product","2":"type-product","3":"status-publish","4":"has-post-thumbnail","6":"product_cat-playerit","8":"first","9":"instock","10":"shipping-taxable","11":"purchasable","12":"product-type-simple"},"bundle_layout":"","bundled_by":[],"bundled_items":[],"_links":{"self":[{"href":"https:\/\/www.proav.fi\/eng\/wp-json\/wp\/v2\/product\/712","targetHints":{"allow":["GET"]}}],"collection":[{"href":"https:\/\/www.proav.fi\/eng\/wp-json\/wp\/v2\/product"}],"about":[{"href":"https:\/\/www.proav.fi\/eng\/wp-json\/wp\/v2\/types\/product"}],"replies":[{"embeddable":true,"href":"https:\/\/www.proav.fi\/eng\/wp-json\/wp\/v2\/comments?post=712"}],"wp:featuredmedia":[{"embeddable":true,"href":"https:\/\/www.proav.fi\/eng\/wp-json\/wp\/v2\/media\/855"}],"wp:attachment":[{"href":"https:\/\/www.proav.fi\/eng\/wp-json\/wp\/v2\/media?parent=712"}],"wp:term":[{"taxonomy":"product_cat","embeddable":true,"href":"https:\/\/www.proav.fi\/eng\/wp-json\/wp\/v2\/product_cat?post=712"},{"taxonomy":"product_tag","embeddable":true,"href":"https:\/\/www.proav.fi\/eng\/wp-json\/wp\/v2\/product_tag?post=712"}],"curies":[{"name":"wp","href":"https:\/\/api.w.org\/{rel}","templated":true}]}}