{"id":686,"date":"2017-04-11T13:07:55","date_gmt":"2017-04-11T13:07:55","guid":{"rendered":"http:\/\/www.catchline.fi\/proav\/tuote\/40-littea-lcdplasma-nayttovideo-ja-data-kayttoon169\/"},"modified":"2017-07-13T12:37:49","modified_gmt":"2017-07-13T12:37:49","slug":"40-littea-lcdplasma-nayttovideo-ja-data-kayttoon169","status":"publish","type":"product","link":"https:\/\/www.proav.fi\/eng\/product\/40-littea-lcdplasma-nayttovideo-ja-data-kayttoon169\/","title":{"rendered":"40&#8243; litte\u00e4 LCD\/plasma- n\u00e4ytt\u00f6,video- ja data-k\u00e4ytt\u00f6\u00f6n,16:9"},"content":{"rendered":"<p>Saatavilla p\u00f6yt\u00e4 ja lattia messu jalustoja, hinnat alv 0%<\/p>\n","protected":false},"excerpt":{"rendered":"<p>Saatavilla p\u00f6yt\u00e4 ja lattia messu jalustoja, hinnat alv 0%<\/p>\n","protected":false},"featured_media":0,"comment_status":"open","ping_status":"closed","template":"","meta":{"_et_pb_use_builder":"","_et_pb_old_content":"","_et_gb_content_width":""},"product_cat":[50],"product_tag":[],"class_list":{"0":"post-686","1":"product","2":"type-product","3":"status-publish","5":"product_cat-screens","7":"first","8":"instock","9":"shipping-taxable","10":"purchasable","11":"product-type-simple"},"bundle_layout":"","bundled_by":[],"bundled_items":[],"_links":{"self":[{"href":"https:\/\/www.proav.fi\/eng\/wp-json\/wp\/v2\/product\/686","targetHints":{"allow":["GET"]}}],"collection":[{"href":"https:\/\/www.proav.fi\/eng\/wp-json\/wp\/v2\/product"}],"about":[{"href":"https:\/\/www.proav.fi\/eng\/wp-json\/wp\/v2\/types\/product"}],"replies":[{"embeddable":true,"href":"https:\/\/www.proav.fi\/eng\/wp-json\/wp\/v2\/comments?post=686"}],"wp:attachment":[{"href":"https:\/\/www.proav.fi\/eng\/wp-json\/wp\/v2\/media?parent=686"}],"wp:term":[{"taxonomy":"product_cat","embeddable":true,"href":"https:\/\/www.proav.fi\/eng\/wp-json\/wp\/v2\/product_cat?post=686"},{"taxonomy":"product_tag","embeddable":true,"href":"https:\/\/www.proav.fi\/eng\/wp-json\/wp\/v2\/product_tag?post=686"}],"curies":[{"name":"wp","href":"https:\/\/api.w.org\/{rel}","templated":true}]}}