{"id":674,"date":"2017-04-06T12:43:14","date_gmt":"2017-04-06T12:43:14","guid":{"rendered":"http:\/\/www.catchline.fi\/proav\/tuote\/raincover-saasuojakotelo-ip-suojattu\/"},"modified":"2017-07-13T12:37:49","modified_gmt":"2017-07-13T12:37:49","slug":"raincover-saasuojakotelo-ip-suojattu","status":"publish","type":"product","link":"https:\/\/www.proav.fi\/eng\/product\/raincover-saasuojakotelo-ip-suojattu\/","title":{"rendered":"Raincover s\u00e4\u00e4suojakotelo IP suojattu S\u00e4\u00e4suojakotelo ulkok\u00e4ytt\u00f6\u00f6n, ip suojattu, l\u00e4mmitys,filtter\u00f6inti,  eri kokoja, 6000-8000 ansilumenia, 5 eri mallia,kysy sopivuus"},"content":{"rendered":"<p>Sopivuus \u00a0mm. Panasonic, Nec, Optoma yms tykeille, peiliprojektoreille ja eri lisnssimalleille, hinnat alv 0%<\/p>\n","protected":false},"excerpt":{"rendered":"<p>Sopivuus \u00a0mm. Panasonic, Nec, Optoma yms tykeille, peiliprojektoreille ja eri lisnssimalleille, hinnat alv 0%<\/p>\n","protected":false},"featured_media":675,"comment_status":"open","ping_status":"closed","template":"","meta":{"_et_pb_use_builder":"","_et_pb_old_content":"","_et_gb_content_width":""},"product_cat":[56],"product_tag":[],"class_list":{"0":"post-674","1":"product","2":"type-product","3":"status-publish","4":"has-post-thumbnail","6":"product_cat-videoprojectors","8":"first","9":"instock","10":"shipping-taxable","11":"purchasable","12":"product-type-simple"},"bundle_layout":"","bundled_by":[],"bundled_items":[],"_links":{"self":[{"href":"https:\/\/www.proav.fi\/eng\/wp-json\/wp\/v2\/product\/674","targetHints":{"allow":["GET"]}}],"collection":[{"href":"https:\/\/www.proav.fi\/eng\/wp-json\/wp\/v2\/product"}],"about":[{"href":"https:\/\/www.proav.fi\/eng\/wp-json\/wp\/v2\/types\/product"}],"replies":[{"embeddable":true,"href":"https:\/\/www.proav.fi\/eng\/wp-json\/wp\/v2\/comments?post=674"}],"wp:featuredmedia":[{"embeddable":true,"href":"https:\/\/www.proav.fi\/eng\/wp-json\/wp\/v2\/media\/675"}],"wp:attachment":[{"href":"https:\/\/www.proav.fi\/eng\/wp-json\/wp\/v2\/media?parent=674"}],"wp:term":[{"taxonomy":"product_cat","embeddable":true,"href":"https:\/\/www.proav.fi\/eng\/wp-json\/wp\/v2\/product_cat?post=674"},{"taxonomy":"product_tag","embeddable":true,"href":"https:\/\/www.proav.fi\/eng\/wp-json\/wp\/v2\/product_tag?post=674"}],"curies":[{"name":"wp","href":"https:\/\/api.w.org\/{rel}","templated":true}]}}