{"id":666,"date":"2017-03-20T18:36:17","date_gmt":"2017-03-20T18:36:17","guid":{"rendered":"http:\/\/www.catchline.fi\/proav\/tuote\/panphonics-sound-shower-passiivi-kaiutin-20-x-100-cm-ulkokayttoon\/"},"modified":"2017-07-13T12:37:54","modified_gmt":"2017-07-13T12:37:54","slug":"panphonics-sound-shower-passiivi-kaiutin-20-x-100-cm-ulkokayttoon","status":"publish","type":"product","link":"https:\/\/www.proav.fi\/eng\/product\/panphonics-sound-shower-passiivi-kaiutin-20-x-100-cm-ulkokayttoon\/","title":{"rendered":"Panphonics Sound Shower, passiivi kaiutin 20 x 100 cm ulkok\u00e4ytt\u00f6\u00f6n"},"content":{"rendered":"<p>\u00c4\u00e4nisuihkukautin, super suuntaava \u00e4\u00e4ni suihku, hinnat alv 0%<\/p>\n","protected":false},"excerpt":{"rendered":"<p>\u00c4\u00e4nisuihkukautin, super suuntaava \u00e4\u00e4ni suihku, hinnat alv 0%<\/p>\n","protected":false},"featured_media":646,"comment_status":"open","ping_status":"closed","template":"","meta":{"_et_pb_use_builder":"","_et_pb_old_content":"","_et_gb_content_width":""},"product_cat":[57],"product_tag":[],"class_list":{"0":"post-666","1":"product","2":"type-product","3":"status-publish","4":"has-post-thumbnail","6":"product_cat-sound","8":"first","9":"instock","10":"shipping-taxable","11":"purchasable","12":"product-type-simple"},"bundle_layout":"","bundled_by":[],"bundled_items":[],"_links":{"self":[{"href":"https:\/\/www.proav.fi\/eng\/wp-json\/wp\/v2\/product\/666","targetHints":{"allow":["GET"]}}],"collection":[{"href":"https:\/\/www.proav.fi\/eng\/wp-json\/wp\/v2\/product"}],"about":[{"href":"https:\/\/www.proav.fi\/eng\/wp-json\/wp\/v2\/types\/product"}],"replies":[{"embeddable":true,"href":"https:\/\/www.proav.fi\/eng\/wp-json\/wp\/v2\/comments?post=666"}],"wp:featuredmedia":[{"embeddable":true,"href":"https:\/\/www.proav.fi\/eng\/wp-json\/wp\/v2\/media\/646"}],"wp:attachment":[{"href":"https:\/\/www.proav.fi\/eng\/wp-json\/wp\/v2\/media?parent=666"}],"wp:term":[{"taxonomy":"product_cat","embeddable":true,"href":"https:\/\/www.proav.fi\/eng\/wp-json\/wp\/v2\/product_cat?post=666"},{"taxonomy":"product_tag","embeddable":true,"href":"https:\/\/www.proav.fi\/eng\/wp-json\/wp\/v2\/product_tag?post=666"}],"curies":[{"name":"wp","href":"https:\/\/api.w.org\/{rel}","templated":true}]}}