{"id":63,"date":"2017-04-13T09:17:11","date_gmt":"2017-04-13T09:17:11","guid":{"rendered":"http:\/\/www.catchline.fi\/proav\/tuote\/christie-ds26-sxganatiivi-14001050-resoluutio\/"},"modified":"2017-07-13T12:37:49","modified_gmt":"2017-07-13T12:37:49","slug":"christie-ds26-sxganatiivi-14001050-resoluutio","status":"publish","type":"product","link":"https:\/\/www.proav.fi\/eng\/product\/christie-ds26-sxganatiivi-14001050-resoluutio\/","title":{"rendered":"Christie DS+26 SXGA+,natiivi 1400*1050 resoluutio 4:3 yhteensopiva. Kantolaukku,kaukos\u00e4\u00e4din, VGA kaapeli sis\u00e4ltyy"},"content":{"rendered":"<p>4:3 HD, 2500 ansilumenia, hinnat alv 0%<\/p>\n","protected":false},"excerpt":{"rendered":"<p>4:3 HD, 2500 ansilumenia, hinnat alv 0%<\/p>\n","protected":false},"featured_media":534,"comment_status":"open","ping_status":"closed","template":"","meta":{"_et_pb_use_builder":"","_et_pb_old_content":"","_et_gb_content_width":""},"product_cat":[56],"product_tag":[],"class_list":{"0":"post-63","1":"product","2":"type-product","3":"status-publish","4":"has-post-thumbnail","6":"product_cat-videoprojectors","8":"first","9":"instock","10":"shipping-taxable","11":"purchasable","12":"product-type-simple"},"bundle_layout":"","bundled_by":[],"bundled_items":[],"_links":{"self":[{"href":"https:\/\/www.proav.fi\/eng\/wp-json\/wp\/v2\/product\/63","targetHints":{"allow":["GET"]}}],"collection":[{"href":"https:\/\/www.proav.fi\/eng\/wp-json\/wp\/v2\/product"}],"about":[{"href":"https:\/\/www.proav.fi\/eng\/wp-json\/wp\/v2\/types\/product"}],"replies":[{"embeddable":true,"href":"https:\/\/www.proav.fi\/eng\/wp-json\/wp\/v2\/comments?post=63"}],"wp:featuredmedia":[{"embeddable":true,"href":"https:\/\/www.proav.fi\/eng\/wp-json\/wp\/v2\/media\/534"}],"wp:attachment":[{"href":"https:\/\/www.proav.fi\/eng\/wp-json\/wp\/v2\/media?parent=63"}],"wp:term":[{"taxonomy":"product_cat","embeddable":true,"href":"https:\/\/www.proav.fi\/eng\/wp-json\/wp\/v2\/product_cat?post=63"},{"taxonomy":"product_tag","embeddable":true,"href":"https:\/\/www.proav.fi\/eng\/wp-json\/wp\/v2\/product_tag?post=63"}],"curies":[{"name":"wp","href":"https:\/\/api.w.org\/{rel}","templated":true}]}}