{"id":571,"date":"2017-04-06T10:52:09","date_gmt":"2017-04-06T10:52:09","guid":{"rendered":"http:\/\/www.catchline.fi\/proav\/tuote\/55-tuumainen-lcd-naytto-4k169\/"},"modified":"2017-07-13T12:37:49","modified_gmt":"2017-07-13T12:37:49","slug":"55-tuumainen-lcd-naytto-4k169","status":"publish","type":"product","link":"https:\/\/www.proav.fi\/eng\/product\/55-tuumainen-lcd-naytto-4k169\/","title":{"rendered":"55-tuumainen LCD n\u00e4ytt\u00f6 4K, 3840&#215;2160 , 16:9"},"content":{"rendered":"<p>Pienet reunat, 16:9, hyv\u00e4t liit\u00e4nn\u00e4t,saatavilla lattia ja p\u00f6yt\u00e4telineit\u00e4, Hinnat Alv 0%<\/p>\n","protected":false},"excerpt":{"rendered":"<p>Pienet reunat, 16:9, hyv\u00e4t liit\u00e4nn\u00e4t,saatavilla lattia ja p\u00f6yt\u00e4telineit\u00e4, Hinnat Alv 0%<\/p>\n","protected":false},"featured_media":572,"comment_status":"open","ping_status":"closed","template":"","meta":{"_et_pb_use_builder":"","_et_pb_old_content":"","_et_gb_content_width":""},"product_cat":[50],"product_tag":[],"class_list":{"0":"post-571","1":"product","2":"type-product","3":"status-publish","4":"has-post-thumbnail","6":"product_cat-screens","8":"first","9":"instock","10":"featured","11":"shipping-taxable","12":"purchasable","13":"product-type-simple"},"bundle_layout":"","bundled_by":[],"bundled_items":[],"_links":{"self":[{"href":"https:\/\/www.proav.fi\/eng\/wp-json\/wp\/v2\/product\/571","targetHints":{"allow":["GET"]}}],"collection":[{"href":"https:\/\/www.proav.fi\/eng\/wp-json\/wp\/v2\/product"}],"about":[{"href":"https:\/\/www.proav.fi\/eng\/wp-json\/wp\/v2\/types\/product"}],"replies":[{"embeddable":true,"href":"https:\/\/www.proav.fi\/eng\/wp-json\/wp\/v2\/comments?post=571"}],"wp:featuredmedia":[{"embeddable":true,"href":"https:\/\/www.proav.fi\/eng\/wp-json\/wp\/v2\/media\/572"}],"wp:attachment":[{"href":"https:\/\/www.proav.fi\/eng\/wp-json\/wp\/v2\/media?parent=571"}],"wp:term":[{"taxonomy":"product_cat","embeddable":true,"href":"https:\/\/www.proav.fi\/eng\/wp-json\/wp\/v2\/product_cat?post=571"},{"taxonomy":"product_tag","embeddable":true,"href":"https:\/\/www.proav.fi\/eng\/wp-json\/wp\/v2\/product_tag?post=571"}],"curies":[{"name":"wp","href":"https:\/\/api.w.org\/{rel}","templated":true}]}}