{"id":565,"date":"2017-04-09T10:44:58","date_gmt":"2017-04-09T10:44:58","guid":{"rendered":"http:\/\/www.catchline.fi\/proav\/tuote\/46-littea-lcdplasma-naytto169-full-hd\/"},"modified":"2017-07-14T14:11:10","modified_gmt":"2017-07-14T14:11:10","slug":"46-littea-lcdplasma-naytto169-full-hd","status":"publish","type":"product","link":"https:\/\/www.proav.fi\/eng\/product\/46-littea-lcdplasma-naytto169-full-hd\/","title":{"rendered":"46&#8243; litte\u00e4 LCD\/ Plasma n\u00e4ytt\u00f6,video ja datak\u00e4ytt\u00f6\u00f6n,Full HD"},"content":{"rendered":"<p>Pienet reunat, 16:9, hyv\u00e4t liit\u00e4nn\u00e4t,saatavilla lattia ja p\u00f6yt\u00e4telineit\u00e4, Hinnat Alv 0%<\/p>\n","protected":false},"excerpt":{"rendered":"<p>Pienet reunat, 16:9, hyv\u00e4t liit\u00e4nn\u00e4t,saatavilla lattia ja p\u00f6yt\u00e4telineit\u00e4, Hinnat Alv 0%<\/p>\n","protected":false},"featured_media":566,"comment_status":"open","ping_status":"closed","template":"","meta":{"_et_pb_use_builder":"","_et_pb_old_content":"","_et_gb_content_width":""},"product_cat":[50],"product_tag":[],"class_list":{"0":"post-565","1":"product","2":"type-product","3":"status-publish","4":"has-post-thumbnail","6":"product_cat-screens","8":"first","9":"instock","10":"shipping-taxable","11":"purchasable","12":"product-type-simple"},"bundle_layout":"","bundled_by":["801"],"bundled_items":[],"_links":{"self":[{"href":"https:\/\/www.proav.fi\/eng\/wp-json\/wp\/v2\/product\/565","targetHints":{"allow":["GET"]}}],"collection":[{"href":"https:\/\/www.proav.fi\/eng\/wp-json\/wp\/v2\/product"}],"about":[{"href":"https:\/\/www.proav.fi\/eng\/wp-json\/wp\/v2\/types\/product"}],"replies":[{"embeddable":true,"href":"https:\/\/www.proav.fi\/eng\/wp-json\/wp\/v2\/comments?post=565"}],"wp:featuredmedia":[{"embeddable":true,"href":"https:\/\/www.proav.fi\/eng\/wp-json\/wp\/v2\/media\/566"}],"wp:attachment":[{"href":"https:\/\/www.proav.fi\/eng\/wp-json\/wp\/v2\/media?parent=565"}],"wp:term":[{"taxonomy":"product_cat","embeddable":true,"href":"https:\/\/www.proav.fi\/eng\/wp-json\/wp\/v2\/product_cat?post=565"},{"taxonomy":"product_tag","embeddable":true,"href":"https:\/\/www.proav.fi\/eng\/wp-json\/wp\/v2\/product_tag?post=565"}],"curies":[{"name":"wp","href":"https:\/\/api.w.org\/{rel}","templated":true}]}}