{"id":563,"date":"2017-04-10T10:42:38","date_gmt":"2017-04-10T10:42:38","guid":{"rendered":"http:\/\/www.catchline.fi\/proav\/tuote\/42-littea-lcdplasma-naytto169-full-hd\/"},"modified":"2017-07-13T12:37:49","modified_gmt":"2017-07-13T12:37:49","slug":"42-littea-lcdplasma-naytto169-full-hd","status":"publish","type":"product","link":"https:\/\/www.proav.fi\/eng\/product\/42-littea-lcdplasma-naytto169-full-hd\/","title":{"rendered":"42&#8243; litte\u00e4 LCD\/plasma- n\u00e4ytt\u00f6,video- ja data-k\u00e4ytt\u00f6\u00f6n,16:9, Full HD"},"content":{"rendered":"<p>Aaatavilla p\u00f6yt\u00e4 ja lattia messu jalustoja, hinnat alv 0%<\/p>\n","protected":false},"excerpt":{"rendered":"<p>Aaatavilla p\u00f6yt\u00e4 ja lattia messu jalustoja, hinnat alv 0%<\/p>\n","protected":false},"featured_media":564,"comment_status":"open","ping_status":"closed","template":"","meta":{"_et_pb_use_builder":"","_et_pb_old_content":"","_et_gb_content_width":""},"product_cat":[50],"product_tag":[],"class_list":{"0":"post-563","1":"product","2":"type-product","3":"status-publish","4":"has-post-thumbnail","6":"product_cat-screens","8":"first","9":"instock","10":"shipping-taxable","11":"purchasable","12":"product-type-simple"},"bundle_layout":"","bundled_by":[],"bundled_items":[],"_links":{"self":[{"href":"https:\/\/www.proav.fi\/eng\/wp-json\/wp\/v2\/product\/563","targetHints":{"allow":["GET"]}}],"collection":[{"href":"https:\/\/www.proav.fi\/eng\/wp-json\/wp\/v2\/product"}],"about":[{"href":"https:\/\/www.proav.fi\/eng\/wp-json\/wp\/v2\/types\/product"}],"replies":[{"embeddable":true,"href":"https:\/\/www.proav.fi\/eng\/wp-json\/wp\/v2\/comments?post=563"}],"wp:featuredmedia":[{"embeddable":true,"href":"https:\/\/www.proav.fi\/eng\/wp-json\/wp\/v2\/media\/564"}],"wp:attachment":[{"href":"https:\/\/www.proav.fi\/eng\/wp-json\/wp\/v2\/media?parent=563"}],"wp:term":[{"taxonomy":"product_cat","embeddable":true,"href":"https:\/\/www.proav.fi\/eng\/wp-json\/wp\/v2\/product_cat?post=563"},{"taxonomy":"product_tag","embeddable":true,"href":"https:\/\/www.proav.fi\/eng\/wp-json\/wp\/v2\/product_tag?post=563"}],"curies":[{"name":"wp","href":"https:\/\/api.w.org\/{rel}","templated":true}]}}