{"id":496,"date":"2017-04-15T14:00:12","date_gmt":"2017-04-15T14:00:12","guid":{"rendered":"http:\/\/www.catchline.fi\/proav\/tuote\/20-sharp-littea-lcd-nayttovideokayttoon\/"},"modified":"2017-07-13T12:37:49","modified_gmt":"2017-07-13T12:37:49","slug":"20-sharp-littea-lcd-nayttovideokayttoon","status":"publish","type":"product","link":"https:\/\/www.proav.fi\/eng\/product\/20-sharp-littea-lcd-nayttovideokayttoon\/","title":{"rendered":"20&#8243; Sharp litte\u00e4 LCD-n\u00e4ytt\u00f6, videok\u00e4ytt\u00f6\u00f6n kuvasuhde 4:3"},"content":{"rendered":"<p>Hinnat alv 0%<\/p>\n","protected":false},"excerpt":{"rendered":"<p>Hinnat alv 0%<\/p>\n","protected":false},"featured_media":555,"comment_status":"open","ping_status":"closed","template":"","meta":{"_et_pb_use_builder":"","_et_pb_old_content":"","_et_gb_content_width":""},"product_cat":[50],"product_tag":[],"class_list":{"0":"post-496","1":"product","2":"type-product","3":"status-publish","4":"has-post-thumbnail","6":"product_cat-screens","8":"first","9":"instock","10":"shipping-taxable","11":"purchasable","12":"product-type-simple"},"bundle_layout":"","bundled_by":[],"bundled_items":[],"_links":{"self":[{"href":"https:\/\/www.proav.fi\/eng\/wp-json\/wp\/v2\/product\/496","targetHints":{"allow":["GET"]}}],"collection":[{"href":"https:\/\/www.proav.fi\/eng\/wp-json\/wp\/v2\/product"}],"about":[{"href":"https:\/\/www.proav.fi\/eng\/wp-json\/wp\/v2\/types\/product"}],"replies":[{"embeddable":true,"href":"https:\/\/www.proav.fi\/eng\/wp-json\/wp\/v2\/comments?post=496"}],"wp:featuredmedia":[{"embeddable":true,"href":"https:\/\/www.proav.fi\/eng\/wp-json\/wp\/v2\/media\/555"}],"wp:attachment":[{"href":"https:\/\/www.proav.fi\/eng\/wp-json\/wp\/v2\/media?parent=496"}],"wp:term":[{"taxonomy":"product_cat","embeddable":true,"href":"https:\/\/www.proav.fi\/eng\/wp-json\/wp\/v2\/product_cat?post=496"},{"taxonomy":"product_tag","embeddable":true,"href":"https:\/\/www.proav.fi\/eng\/wp-json\/wp\/v2\/product_tag?post=496"}],"curies":[{"name":"wp","href":"https:\/\/api.w.org\/{rel}","templated":true}]}}