{"id":486,"date":"2017-04-13T13:44:47","date_gmt":"2017-04-13T13:44:47","guid":{"rendered":"http:\/\/www.catchline.fi\/proav\/tuote\/panasonic-32-littea-lcd-naytto-2\/"},"modified":"2017-07-13T12:37:49","modified_gmt":"2017-07-13T12:37:49","slug":"panasonic-32-littea-lcd-naytto-2","status":"publish","type":"product","link":"https:\/\/www.proav.fi\/eng\/product\/panasonic-32-littea-lcd-naytto-2\/","title":{"rendered":"Panasonic 32&#8243; litte\u00e4 LCD-n\u00e4ytt\u00f6,video- tai datak\u00e4ytt\u00f6\u00f6n,16:9, HD Ready"},"content":{"rendered":"<p>Hinnat alv 0%<\/p>\n","protected":false},"excerpt":{"rendered":"<p>Hinnat alv 0%<\/p>\n","protected":false},"featured_media":559,"comment_status":"open","ping_status":"closed","template":"","meta":{"_et_pb_use_builder":"","_et_pb_old_content":"","_et_gb_content_width":""},"product_cat":[50],"product_tag":[],"class_list":{"0":"post-486","1":"product","2":"type-product","3":"status-publish","4":"has-post-thumbnail","6":"product_cat-screens","8":"first","9":"instock","10":"shipping-taxable","11":"purchasable","12":"product-type-simple"},"bundle_layout":"","bundled_by":["485","799","800"],"bundled_items":[],"_links":{"self":[{"href":"https:\/\/www.proav.fi\/eng\/wp-json\/wp\/v2\/product\/486","targetHints":{"allow":["GET"]}}],"collection":[{"href":"https:\/\/www.proav.fi\/eng\/wp-json\/wp\/v2\/product"}],"about":[{"href":"https:\/\/www.proav.fi\/eng\/wp-json\/wp\/v2\/types\/product"}],"replies":[{"embeddable":true,"href":"https:\/\/www.proav.fi\/eng\/wp-json\/wp\/v2\/comments?post=486"}],"wp:featuredmedia":[{"embeddable":true,"href":"https:\/\/www.proav.fi\/eng\/wp-json\/wp\/v2\/media\/559"}],"wp:attachment":[{"href":"https:\/\/www.proav.fi\/eng\/wp-json\/wp\/v2\/media?parent=486"}],"wp:term":[{"taxonomy":"product_cat","embeddable":true,"href":"https:\/\/www.proav.fi\/eng\/wp-json\/wp\/v2\/product_cat?post=486"},{"taxonomy":"product_tag","embeddable":true,"href":"https:\/\/www.proav.fi\/eng\/wp-json\/wp\/v2\/product_tag?post=486"}],"curies":[{"name":"wp","href":"https:\/\/api.w.org\/{rel}","templated":true}]}}