{"id":465,"date":"2017-03-08T11:23:19","date_gmt":"2017-03-08T11:23:19","guid":{"rendered":"http:\/\/www.catchline.fi\/proav\/?post_type=product&#038;p=465"},"modified":"2017-07-13T12:37:56","modified_gmt":"2017-07-13T12:37:56","slug":"wide-lahilinssi","status":"publish","type":"product","link":"https:\/\/www.proav.fi\/eng\/product\/wide-lahilinssi\/","title":{"rendered":"Wide l\u00e4hilinssi"},"content":{"rendered":"<p>400cm kuva taustaprojisoinnilla vain 310cm p\u00e4\u00e4st\u00e4.<\/p>\n","protected":false},"excerpt":{"rendered":"<p><a href=\"https:\/\/www.proav.fi\/eng\/tuote\/wide-lahilinssi\/\">Lis\u00e4tietoja tuotteesta.<\/a><\/p>\n","protected":false},"featured_media":0,"comment_status":"closed","ping_status":"closed","template":"","meta":{"_et_pb_use_builder":"","_et_pb_old_content":"","_et_gb_content_width":""},"product_cat":[55],"product_tag":[],"class_list":{"0":"post-465","1":"product","2":"type-product","3":"status-publish","5":"product_cat-optics","7":"first","8":"instock","9":"shipping-taxable","10":"purchasable","11":"product-type-simple"},"bundle_layout":"","bundled_by":["464"],"bundled_items":[],"_links":{"self":[{"href":"https:\/\/www.proav.fi\/eng\/wp-json\/wp\/v2\/product\/465","targetHints":{"allow":["GET"]}}],"collection":[{"href":"https:\/\/www.proav.fi\/eng\/wp-json\/wp\/v2\/product"}],"about":[{"href":"https:\/\/www.proav.fi\/eng\/wp-json\/wp\/v2\/types\/product"}],"replies":[{"embeddable":true,"href":"https:\/\/www.proav.fi\/eng\/wp-json\/wp\/v2\/comments?post=465"}],"wp:attachment":[{"href":"https:\/\/www.proav.fi\/eng\/wp-json\/wp\/v2\/media?parent=465"}],"wp:term":[{"taxonomy":"product_cat","embeddable":true,"href":"https:\/\/www.proav.fi\/eng\/wp-json\/wp\/v2\/product_cat?post=465"},{"taxonomy":"product_tag","embeddable":true,"href":"https:\/\/www.proav.fi\/eng\/wp-json\/wp\/v2\/product_tag?post=465"}],"curies":[{"name":"wp","href":"https:\/\/api.w.org\/{rel}","templated":true}]}}