{"id":462,"date":"2017-03-08T11:16:54","date_gmt":"2017-03-08T11:16:54","guid":{"rendered":"http:\/\/www.catchline.fi\/proav\/tuote\/teho-lcd-datavideoprojektori-yli-4000-ansilumenia-2\/"},"modified":"2017-07-14T14:00:56","modified_gmt":"2017-07-14T14:00:56","slug":"teho-lcd-datavideoprojektori-yli-4000-ansilumenia-2","status":"publish","type":"product","link":"https:\/\/www.proav.fi\/eng\/product\/teho-lcd-datavideoprojektori-yli-4000-ansilumenia-2\/","title":{"rendered":"Teho LCD Data\/videoprojektori,yli 4000 Ansilumenia, XGA yhteensopiva. Ja k\u00e4tev\u00e4, kasattava ETU tai TAKA -projisointikangas 300 cm x 225 cm, alukehikko + jalat, kuljetuslaatikko vain 100 cm pitk\u00e4"},"content":{"rendered":"<p>K\u00e4tev\u00e4 projisointi paketti noin 8-30 hengen tilaisuuksiin, Alv 0%<\/p>\n","protected":false},"excerpt":{"rendered":"<p>K\u00e4tev\u00e4 projisointi paketti noin 8-30 hengen tilaisuuksiin, Alv 0%<\/p>\n","protected":false},"featured_media":1298,"comment_status":"closed","ping_status":"closed","template":"","meta":{"_et_pb_use_builder":"","_et_pb_old_content":"","_et_gb_content_width":""},"product_cat":[53],"product_tag":[],"class_list":{"0":"post-462","1":"product","2":"type-product","3":"status-publish","4":"has-post-thumbnail","6":"product_cat-projectingpackages","8":"first","9":"instock","10":"shipping-taxable","11":"purchasable","12":"product-type-bundle"},"bundle_layout":"default","bundled_by":[],"bundled_items":[{"bundled_item_id":18,"product_id":65,"menu_order":0,"quantity_min":1,"quantity_max":1,"priced_individually":false,"shipped_individually":false,"override_title":false,"title":"","override_description":false,"description":"","optional":false,"hide_thumbnail":false,"discount":"","override_variations":false,"allowed_variations":[],"override_default_variation_attributes":false,"default_variation_attributes":[],"single_product_visibility":"visible","cart_visibility":"visible","order_visibility":"visible","single_product_price_visibility":"visible","cart_price_visibility":"visible","order_price_visibility":"visible","stock_status":"in_stock"},{"bundled_item_id":10,"product_id":463,"menu_order":1,"quantity_min":1,"quantity_max":1,"priced_individually":false,"shipped_individually":false,"override_title":false,"title":"","override_description":false,"description":"","optional":false,"hide_thumbnail":false,"discount":"","override_variations":false,"allowed_variations":[],"override_default_variation_attributes":false,"default_variation_attributes":[],"single_product_visibility":"visible","cart_visibility":"visible","order_visibility":"visible","single_product_price_visibility":"visible","cart_price_visibility":"visible","order_price_visibility":"visible","stock_status":"in_stock"}],"_links":{"self":[{"href":"https:\/\/www.proav.fi\/eng\/wp-json\/wp\/v2\/product\/462","targetHints":{"allow":["GET"]}}],"collection":[{"href":"https:\/\/www.proav.fi\/eng\/wp-json\/wp\/v2\/product"}],"about":[{"href":"https:\/\/www.proav.fi\/eng\/wp-json\/wp\/v2\/types\/product"}],"replies":[{"embeddable":true,"href":"https:\/\/www.proav.fi\/eng\/wp-json\/wp\/v2\/comments?post=462"}],"wp:featuredmedia":[{"embeddable":true,"href":"https:\/\/www.proav.fi\/eng\/wp-json\/wp\/v2\/media\/1298"}],"wp:attachment":[{"href":"https:\/\/www.proav.fi\/eng\/wp-json\/wp\/v2\/media?parent=462"}],"wp:term":[{"taxonomy":"product_cat","embeddable":true,"href":"https:\/\/www.proav.fi\/eng\/wp-json\/wp\/v2\/product_cat?post=462"},{"taxonomy":"product_tag","embeddable":true,"href":"https:\/\/www.proav.fi\/eng\/wp-json\/wp\/v2\/product_tag?post=462"}],"curies":[{"name":"wp","href":"https:\/\/api.w.org\/{rel}","templated":true}]}}